{"id":25653,"date":"2021-01-29T11:37:36","date_gmt":"2021-01-29T09:37:36","guid":{"rendered":"https:\/\/saishoart.com\/blog\/?page_id=25653"},"modified":"2021-01-29T11:37:37","modified_gmt":"2021-01-29T09:37:37","slug":"pintura-rotulador-cuando-surge-y-como-se-utiliza","status":"publish","type":"page","link":"https:\/\/www.saishoart.com\/es\/blog\/pintura-rotulador-cuando-surge-y-como-se-utiliza","title":{"rendered":"PINTURA ROTULADOR. \u00bfCu\u00e1ndo surge y c\u00f3mo se utiliza?"},"content":{"rendered":"\n<h2><strong>Origen de la pintura rotulador<\/strong><\/h2>\n\n\n\n<p>\u00bfQui\u00e9n no ha utilizado alguna vez un rotulador? Pues bien, el <strong>rotulador<\/strong> fue creado en 1910 por Lee Newman que ide\u00f3 el primer rotulador de fieltro. Era un instrumento parecido a un bol\u00edgrafo, en el que la <strong>pintura rotulador<\/strong> se encontraba en un tubo relleno de tinta y que acababa en una punta de fieltro. <\/p>\n\n\n\n<p>Pero hasta 1962 no se invent\u00f3 el rotulador tal y como lo conocemos actualmente. Este fue ideado por el japon\u00e9s Yukio Horie que convierte el rotulador en un sustituto al pincel tradicional (lo que facilitaba la caligraf\u00eda japonesa). <\/p>\n\n\n\n<p>Actualmente, el rotulador contiene una tinta comprimida, generalmente, en un tubo de pl\u00e1stico o aluminio y que acaba en punta. Esta punta suele estar elaborada por un material poroso como el fieltro, pero (aunque es poco habitual) podemos encontrar rotuladores que terminan en un material diferente. Adem\u00e1s, con el paso del tiempo, ha ido haciendo variaciones a este tipo de pintura y hay diferente tipos de rotuladores: permanentes, subrayadores, <em>lettering<\/em>, alimentarios&#8230;<\/p>\n\n\n\n<p>A partir de los a\u00f1os 60, la <strong>pintura rotulador<\/strong> se convirti\u00f3 en una de las <strong>t\u00e9cnicas<\/strong> de dibujo m\u00e1s utilizadas. Es una t\u00e9cnica que se caracteriza por su expresividad ya que a trav\u00e9s de la linea realiza texturas, masas, puntos, detalles, mezclas&#8230; Y mezclando con otras t\u00e9cnicas y materiales, aumenta su capacidad de transmitir y su posibilidad expresiva, aunque es una t\u00e9cnica delicada y compleja.  <\/p>\n\n\n\n<p>La utilizaci\u00f3n del rotulador requiere elegir un buen material para pintar con la <strong>tinta de calidad<\/strong>. <\/p>\n\n\n\n            <section class=\"artworks-grid no-v-gutter no-h-gutter\">\n                <div class=\"grid-sizer\"><\/div>\n                <div class=\"gutter-sizer\"><\/div>\n\n                <figure class=\"grid-item\">\n                    <a href=\"https:\/\/www.saishoart.com\/obras-de-arte\/i-love-art\">\n                        <img class=\"artwork-img\" src=\"https:\/\/saisho-prod-1.fra1.digitaloceanspaces.com\/art\/uploads\/2020\/11\/ilove.jpg\" alt=\"Aggtelek 2867\" >\n                    <\/a>\n                    <figcaption class=\"artwork-details\">\n                        <div class=\"title\"><a href=\"https:\/\/www.saishoart.com\/aggtelek-alejandro-valles-y-gema-perales\">Aggtelek Alejandro Vall\u00e9s y Gema Perales<\/a><\/div>\n                        <div class=\"subtitle\">Espa\u00f1a | Pintura | 30 X 21 CM<\/div>\n                        <div class=\"price\"><span class=\"float-left\">28.74 \u00a2\/cm2<\/span>323 <i class=\"mdi mdi-currency-eur\"><\/i><\/div>\n                    <\/figcaption>\n                <\/figure>\n                <figure class=\"grid-item\">\n                    <a href=\"https:\/\/www.saishoart.com\/obras-de-arte\/modernism\">\n                        <img class=\"artwork-img\" src=\"https:\/\/saisho-prod-1.fra1.digitaloceanspaces.com\/art\/uploads\/2020\/11\/Modernismagg.jpg\" alt=\"Aggtelek 2868\" >\n                    <\/a>\n                    <figcaption class=\"artwork-details\">\n                        <div class=\"title\"><a href=\"https:\/\/www.saishoart.com\/aggtelek-alejandro-valles-y-gema-perales\">Aggtelek Alejandro Vall\u00e9s y Gema Perales<\/a><\/div>\n                        <div class=\"subtitle\">Espa\u00f1a | Pintura | 30 X 21 CM<\/div>\n                        <div class=\"price\"><span class=\"float-left\">28.74 \u00a2\/cm2<\/span>323 <i class=\"mdi mdi-currency-eur\"><\/i><\/div>\n                    <\/figcaption>\n                <\/figure>\n                <figure class=\"grid-item\">\n                    <a href=\"https:\/\/www.saishoart.com\/obras-de-arte\/herencias-v-alejandra-de-la-torre\">\n                        <img class=\"artwork-img\" src=\"https:\/\/saisho-prod-1.fra1.digitaloceanspaces.com\/art\/uploads\/2021\/01\/Herenciasdetail41610614150.jpg\" alt=\"Alejandra 2977\" >\n                    <\/a>\n                    <figcaption class=\"artwork-details\">\n                        <div class=\"title\"><a href=\"https:\/\/www.saishoart.com\/alejandra-de-la-torre\">Alejandra de la Torre<\/a><\/div>\n                        <div class=\"subtitle\">Espa\u00f1a | Pintura | 73 X 73 CM<\/div>\n                        <div class=\"price\"><span class=\"float-left\">32.19 \u00a2\/cm2<\/span>2193 <i class=\"mdi mdi-currency-eur\"><\/i><\/div>\n                    <\/figcaption>\n                <\/figure>\n                <figure class=\"grid-item\">\n                    <a href=\"https:\/\/www.saishoart.com\/obras-de-arte\/arbol-salvese-quien-pueda\">\n                        <img class=\"artwork-img\" src=\"https:\/\/saisho-prod-1.fra1.digitaloceanspaces.com\/art\/uploads\/2020\/10\/salvese.jpg\" alt=\"Xavi 2806\" >\n                    <\/a>\n                    <figcaption class=\"artwork-details\">\n                        <div class=\"title\"><a href=\"https:\/\/www.saishoart.com\/xavi-garcia\">Xavi Garcia<\/a><\/div>\n                        <div class=\"subtitle\">Espa\u00f1a | Pintura | 130 X 196 CM<\/div>\n                        <div class=\"price\"><span class=\"float-left\">34.48 \u00a2\/cm2<\/span>10758 <i class=\"mdi mdi-currency-eur\"><\/i><\/div>\n                    <\/figcaption>\n                <\/figure>\n                <figure class=\"grid-item\">\n                    <a href=\"https:\/\/www.saishoart.com\/obras-de-arte\/being-with-you\">\n                        <img class=\"artwork-img\" src=\"https:\/\/saisho-prod-1.fra1.digitaloceanspaces.com\/art\/uploads\/2020\/11\/being.jpg\" alt=\"Aggtelek 2871\" >\n                    <\/a>\n                    <figcaption class=\"artwork-details\">\n                        <div class=\"title\"><a href=\"https:\/\/www.saishoart.com\/aggtelek-alejandro-valles-y-gema-perales\">Aggtelek Alejandro Vall\u00e9s y Gema Perales<\/a><\/div>\n                        <div class=\"subtitle\">Espa\u00f1a | Pintura | 30 X 21 CM<\/div>\n                        <div class=\"price\"><span class=\"float-left\">28.74 \u00a2\/cm2<\/span>323 <i class=\"mdi mdi-currency-eur\"><\/i><\/div>\n                    <\/figcaption>\n                <\/figure>\n                <figure class=\"grid-item\">\n                    <a href=\"https:\/\/www.saishoart.com\/obras-de-arte\/obra-0-000062-018\">\n                        <img class=\"artwork-img\" src=\"https:\/\/saisho-prod-1.fra1.digitaloceanspaces.com\/art\/uploads\/2020\/03\/televisor-min.jpg\" alt=\"Xavi 1992\" >\n                    <\/a>\n                    <figcaption class=\"artwork-details\">\n                        <div class=\"title\"><a href=\"https:\/\/www.saishoart.com\/xavi-ceerre\">Xavi Ceerre<\/a><\/div>\n                        <div class=\"subtitle\">Espa\u00f1a | Espect\u00e1culo\/TV | 45 X 61 CM<\/div>\n                        <div class=\"price\"><span class=\"float-left\">44.33 \u00a2\/cm2<\/span>1633 <i class=\"mdi mdi-currency-eur\"><\/i><\/div>\n                    <\/figcaption>\n                <\/figure>\n                <figure class=\"grid-item\">\n                    <a href=\"https:\/\/www.saishoart.com\/obras-de-arte\/obra-0-000062-021\">\n                        <img class=\"artwork-img\" src=\"https:\/\/saisho-prod-1.fra1.digitaloceanspaces.com\/art\/uploads\/2020\/03\/montserrat-min.jpg\" alt=\"Xavi 1995\" >\n                    <\/a>\n                    <figcaption class=\"artwork-details\">\n                        <div class=\"title\"><a href=\"https:\/\/www.saishoart.com\/xavi-ceerre\">Xavi Ceerre<\/a><\/div>\n                        <div class=\"subtitle\">Espa\u00f1a | Subjetividad | 45 X 61 CM<\/div>\n                        <div class=\"price\"><span class=\"float-left\">44.33 \u00a2\/cm2<\/span>1633 <i class=\"mdi mdi-currency-eur\"><\/i><\/div>\n                    <\/figcaption>\n                <\/figure>\n                <figure class=\"grid-item\">\n                    <a href=\"https:\/\/www.saishoart.com\/obras-de-arte\/todo-lo-que-ves\">\n                        <img class=\"artwork-img\" src=\"https:\/\/saisho-prod-1.fra1.digitaloceanspaces.com\/art\/uploads\/2020\/11\/profecias21606403092.jpg\" alt=\"Santiago 2924\" >\n                    <\/a>\n                    <figcaption class=\"artwork-details\">\n                        <div class=\"title\"><a href=\"https:\/\/www.saishoart.com\/santiago-talavera\">Santiago Talavera<\/a><\/div>\n                        <div class=\"subtitle\">Espa\u00f1a | Collage | 135 X 250 CM<\/div>\n                        <div class=\"price\"><span class=\"float-left\">11.91 \u00a2\/cm2<\/span>14733 <i class=\"mdi mdi-currency-eur\"><\/i><\/div>\n                    <\/figcaption>\n                <\/figure>\n                <figure class=\"grid-item\">\n                    <a href=\"https:\/\/www.saishoart.com\/obras-de-arte\/la-vida-debe-responder-a-la-respuesta-de-la-muerte-daniel-dobarco\">\n                        <img class=\"artwork-img\" src=\"https:\/\/saisho-prod-1.fra1.digitaloceanspaces.com\/art\/uploads\/2019\/03\/daniel-dobarco-la-vida-debe-responder-a-la-respuesta-de-la-muerte.jpg\" alt=\"Daniel 1020\" >\n                    <\/a>\n                    <figcaption class=\"artwork-details\">\n                        <div class=\"title\"><a href=\"https:\/\/www.saishoart.com\/daniel-dobarco\">Daniel Dobarco<\/a><\/div>\n                        <div class=\"subtitle\">Espa\u00f1a | Pintura | 114 X 148 CM<\/div>\n                        <div class=\"price\"><span class=\"float-left\">11.19 \u00a2\/cm2<\/span>2325 <i class=\"mdi mdi-currency-eur\"><\/i><\/div>\n                    <\/figcaption>\n                <\/figure>\n                <figure class=\"grid-item\">\n                    <a href=\"https:\/\/www.saishoart.com\/obras-de-arte\/supra-scripte-lleno-vacio-flexible-y-rigido-daniel-dobarco\">\n                        <img class=\"artwork-img\" src=\"https:\/\/saisho-prod-1.fra1.digitaloceanspaces.com\/art\/uploads\/2019\/03\/daniel-dobarco-supra-scripte-lleno-vacio-flexible-y-rigido.jpg\" alt=\"Daniel 1022\" >\n                    <\/a>\n                    <figcaption class=\"artwork-details\">\n                        <div class=\"title\"><a href=\"https:\/\/www.saishoart.com\/daniel-dobarco\">Daniel Dobarco<\/a><\/div>\n                        <div class=\"subtitle\">Espa\u00f1a | Pintura | 162 X 130 CM<\/div>\n                        <div class=\"price\"><span class=\"float-left\">11.19 \u00a2\/cm2<\/span>2892 <i class=\"mdi mdi-currency-eur\"><\/i><\/div>\n                    <\/figcaption>\n                <\/figure>\n                <figure class=\"grid-item\">\n                    <a href=\"https:\/\/www.saishoart.com\/obras-de-arte\/maquina-de-guerra-el-secreto-el-espionaje-daniel-dobarco\">\n                        <img class=\"artwork-img\" src=\"https:\/\/saisho-prod-1.fra1.digitaloceanspaces.com\/art\/uploads\/2019\/03\/daniel-dobarco-maquina-de-guerra-el-secreto-el-espionaje.jpg\" alt=\"Daniel 1021\" >\n                    <\/a>\n                    <figcaption class=\"artwork-details\">\n                        <div class=\"title\"><a href=\"https:\/\/www.saishoart.com\/daniel-dobarco\">Daniel Dobarco<\/a><\/div>\n                        <div class=\"subtitle\">Espa\u00f1a | Pintura | 146 X 114 CM<\/div>\n                        <div class=\"price\"><span class=\"float-left\">11.19 \u00a2\/cm2<\/span>2294 <i class=\"mdi mdi-currency-eur\"><\/i><\/div>\n                    <\/figcaption>\n                <\/figure>\n                <figure class=\"grid-item\">\n                    <a href=\"https:\/\/www.saishoart.com\/obras-de-arte\/clouds-carlos-correcher\">\n                        <img class=\"artwork-img\" src=\"https:\/\/saisho-prod-1.fra1.digitaloceanspaces.com\/art\/uploads\/2018\/05\/Obra5-Clouds-1.jpg\" alt=\"Carlos 26\" >\n                    <\/a>\n                    <figcaption class=\"artwork-details\">\n                        <div class=\"title\"><a href=\"https:\/\/www.saishoart.com\/carlos-correcher\">Carlos Correcher<\/a><\/div>\n                        <div class=\"subtitle\">Espa\u00f1a | Pintura | 123.5 X 84 CM<\/div>\n                        <div class=\"price\"><span class=\"float-left\">10.02 \u00a2\/cm2<\/span>1295 <i class=\"mdi mdi-currency-eur\"><\/i><\/div>\n                    <\/figcaption>\n                <\/figure>\n                <figure class=\"grid-item\">\n                    <a href=\"https:\/\/www.saishoart.com\/obras-de-arte\/obra-0-000106-004\">\n                        <img class=\"artwork-img\" src=\"https:\/\/saisho-prod-1.fra1.digitaloceanspaces.com\/art\/uploads\/2019\/12\/alejandra-de-la-torre-leccion-de-botanica.jpg\" alt=\"Alejandra 1604\" >\n                    <\/a>\n                    <figcaption class=\"artwork-details\">\n                        <div class=\"title\"><a href=\"https:\/\/www.saishoart.com\/alejandra-de-la-torre\">Alejandra de la Torre<\/a><\/div>\n                        <div class=\"subtitle\">Espa\u00f1a | Pintura | 140 X 140 CM<\/div>\n                        <div class=\"price\"><span class=\"float-left\">32.19 \u00a2\/cm2<\/span>7753 <i class=\"mdi mdi-currency-eur\"><\/i><\/div>\n                    <\/figcaption>\n                <\/figure>\n                <figure class=\"grid-item\">\n                    <a href=\"https:\/\/www.saishoart.com\/obras-de-arte\/obra-0-000106-006\">\n                        <img class=\"artwork-img\" src=\"https:\/\/saisho-prod-1.fra1.digitaloceanspaces.com\/art\/uploads\/2019\/12\/Herencias-11-2.jpg\" alt=\"Alejandra 1606\" >\n                    <\/a>\n                    <figcaption class=\"artwork-details\">\n                        <div class=\"title\"><a href=\"https:\/\/www.saishoart.com\/alejandra-de-la-torre\">Alejandra de la Torre<\/a><\/div>\n                        <div class=\"subtitle\">Espa\u00f1a | Pintura | 140 X 140 CM<\/div>\n                        <div class=\"price\"><span class=\"float-left\">32.19 \u00a2\/cm2<\/span>7753 <i class=\"mdi mdi-currency-eur\"><\/i><\/div>\n                    <\/figcaption>\n                <\/figure>\n                <figure class=\"grid-item\">\n                    <a href=\"https:\/\/www.saishoart.com\/obras-de-arte\/herencias-vi\">\n                        <img class=\"artwork-img\" src=\"https:\/\/saisho-prod-1.fra1.digitaloceanspaces.com\/art\/uploads\/2020\/08\/herencias6.jpg\" alt=\"Alejandra 2722\" >\n                    <\/a>\n                    <figcaption class=\"artwork-details\">\n                        <div class=\"title\"><a href=\"https:\/\/www.saishoart.com\/alejandra-de-la-torre\">Alejandra de la Torre<\/a><\/div>\n                        <div class=\"subtitle\">Espa\u00f1a | Pintura | 140 X 140 CM<\/div>\n                        <div class=\"price\"><span class=\"float-left\">32.19 \u00a2\/cm2<\/span>7753 <i class=\"mdi mdi-currency-eur\"><\/i><\/div>\n                    <\/figcaption>\n                <\/figure>\n                <figure class=\"grid-item\">\n                    <a href=\"https:\/\/www.saishoart.com\/obras-de-arte\/herencias-vii\">\n                        <img class=\"artwork-img\" src=\"https:\/\/saisho-prod-1.fra1.digitaloceanspaces.com\/art\/uploads\/2020\/08\/perros.jpg\" alt=\"Alejandra 2723\" >\n                    <\/a>\n                    <figcaption class=\"artwork-details\">\n                        <div class=\"title\"><a href=\"https:\/\/www.saishoart.com\/alejandra-de-la-torre\">Alejandra de la Torre<\/a><\/div>\n                        <div class=\"subtitle\">Espa\u00f1a | Pintura | 140 X 140 CM<\/div>\n                        <div class=\"price\"><span class=\"float-left\">32.19 \u00a2\/cm2<\/span>7753 <i class=\"mdi mdi-currency-eur\"><\/i><\/div>\n                    <\/figcaption>\n                <\/figure><\/section>\n\n\n\n<h2><strong>Artistas que utilizan el rotulador<\/strong><\/h2>\n\n\n\n<p>Este tipo de <a href=\"https:\/\/www.saishoart.com\/es\/blog\/pintura\/\" target=\"_blank\" rel=\"noreferrer noopener\">pintura<\/a> es utilizada, cada vez m\u00e1s, por numerosos artistas que plasman su creatividad con esta t\u00e9cnica o bien hacen una combinaci\u00f3n con otras t\u00e9cnicas en sus procesos creativos. Pero la utilizaci\u00f3n de esta t\u00e9cnica no es tarea f\u00e1cil, requiere precisi\u00f3n y t\u00e9cnicas espec\u00edficas de utilizaci\u00f3n: <\/p>\n\n\n\n<ul><li>Color plano ser\u00eda la utilizaci\u00f3n m\u00e1s b\u00e1sica del rotulador y la que, com\u00fanmente, conocemos. Pasamos el rotulador sobre el papel para completar los espacios con el color que elijamos, hay que ser r\u00e1pido par mantener el color uniforme y no se seque.  <\/li><li>Enmascaramiento, se utiliza cuando queremos dar relevancia a una parte determinada de la obra y, por tanto, cubrimos con cinta la parte que no queremos manchar e incidimos m\u00e1s con el rotulador sobre la zona para generar ese efecto.<\/li><li>Rayado. Es una t\u00e9cnica que se consigue cuando el rotulador est\u00e1 casi gastado y quedar\u00e1 un efecto diferente.<\/li><li>L\u00edneas. Hacemos un \u00fanico movimiento, definiendo los contornos y coloreando sin pintar a saltos. <\/li><\/ul>\n\n\n\n<p>En Saisho contamos con m\u00e1s de 300 artistas emergente nacionales e internacionales que utilizan diferentes t\u00e9cnicas, materiales y recursos en sus obras, entre ellos, el rotulador. <\/p>\n\n\n\n<p>Destacamos a <strong><a href=\"https:\/\/www.saishoart.com\/aggtelek-alejandro-valles-y-gema-perales\" target=\"_blank\" rel=\"noreferrer noopener\">Aggtelek<\/a><\/strong> que nos presenta la serie \u00abSecond Hand\u00bb jugando con la apropiaci\u00f3n de ideas y obras de arte moderno y contempor\u00e1neo; <strong><a href=\"https:\/\/www.saishoart.com\/alejandra-de-la-torre\" target=\"_blank\" rel=\"noreferrer noopener\">Alejandra de la Torre<\/a><\/strong>, investiga en su obra sobre el apego que sentimos las personas hacia determinados objetos; <strong><a href=\"https:\/\/www.saishoart.com\/xavi-garcia\" target=\"_blank\" rel=\"noreferrer noopener\">Xavi Garc\u00eda<\/a><\/strong>, un artista influenciado por el arte pop y urbano que ha conseguido que su obra sea reconocida a nivel internacional. <\/p>\n\n\n\n<p>Contamos artistas emergentes que tienen multitud de piezas que se adaptan a todo tipo de espacios, discursos, presupuestos, colores&#8230;  Si est\u00e1is pensando en coleccionar arte y no sab\u00e9is c\u00f3mo empezar os ayudamos, solo ten\u00e9is que pinchar en el banner. <\/p>\n\n\n\n<a href=\"https:\/\/www.saishoart.com\/coleccionismo-de-arte-contemporaneo\/\"><div class=\"tf tf5\"><img src=\"https:\/\/www.saishoart.com\/es\/blog\/wp-content\/themes\/wp-bootstrap-4\/assets\/images\/typeform\/banner-blog-05.jpg\" alt=\"\"><div class=\"tf-wrapper\"><p class=\"title\">\u00bfQuieres ampliar tu colecci\u00f3n de arte?<\/p><p class=\"subtitle\">En Saisho te ayudamos<\/p><div class=\"btn-outline\"><span>Descubre c\u00f3mo<\/span><\/div><\/div><\/div><\/a>\n","protected":false},"excerpt":{"rendered":"<p>Origen de la pintura rotulador \u00bfQui\u00e9n no ha utilizado alguna vez un rotulador? Pues bien, el rotulador fue creado en 1910 por Lee Newman que ide\u00f3 el primer rotulador de fieltro. Era un instrumento parecido a un bol\u00edgrafo, en el que la pintura rotulador se encontraba en un tubo relleno de tinta y que acababa [&hellip;]<\/p>\n","protected":false},"author":77,"featured_media":0,"parent":0,"menu_order":0,"comment_status":"closed","ping_status":"closed","template":"","meta":[],"yoast_head":"<!-- This site is optimized with the Yoast SEO plugin v18.2 - https:\/\/yoast.com\/wordpress\/plugins\/seo\/ -->\n<title>PINTURA ROTULADOR. \u00bfCu\u00e1ndo surge y c\u00f3mo se utiliza? - SAISHO<\/title>\n<meta name=\"description\" content=\"\u00bfQui\u00e9n no ha utilizado el rotulador alguna vez? En este post te contamos como surge la pintura rotulador y las diferentes t\u00e9cnicas.\" \/>\n<meta name=\"robots\" content=\"index, follow, max-snippet:-1, max-image-preview:large, max-video-preview:-1\" \/>\n<link rel=\"canonical\" href=\"https:\/\/www.saishoart.com\/es\/blog\/pintura-rotulador-cuando-surge-y-como-se-utiliza\" \/>\n<meta property=\"og:locale\" content=\"es_ES\" \/>\n<meta property=\"og:type\" content=\"article\" \/>\n<meta property=\"og:title\" content=\"PINTURA ROTULADOR. \u00bfCu\u00e1ndo surge y c\u00f3mo se utiliza? - SAISHO\" \/>\n<meta property=\"og:description\" content=\"\u00bfQui\u00e9n no ha utilizado el rotulador alguna vez? En este post te contamos como surge la pintura rotulador y las diferentes t\u00e9cnicas.\" \/>\n<meta property=\"og:url\" content=\"https:\/\/www.saishoart.com\/es\/blog\/pintura-rotulador-cuando-surge-y-como-se-utiliza\" \/>\n<meta property=\"og:site_name\" content=\"SAISHO\" \/>\n<meta property=\"article:modified_time\" content=\"2021-01-29T09:37:37+00:00\" \/>\n<meta name=\"twitter:card\" content=\"summary_large_image\" \/>\n<meta name=\"twitter:label1\" content=\"Tiempo de lectura\" \/>\n\t<meta name=\"twitter:data1\" content=\"3 minutos\" \/>\n<script type=\"application\/ld+json\" class=\"yoast-schema-graph\">{\"@context\":\"https:\/\/schema.org\",\"@graph\":[{\"@type\":\"WebSite\",\"@id\":\"https:\/\/www.saishoart.com\/es\/blog\/#website\",\"url\":\"https:\/\/www.saishoart.com\/es\/blog\/\",\"name\":\"SAISHO\",\"description\":\"Plataforma de arte contempor\u00e1neo donde descubrir e invertir en artistas emergentes\",\"potentialAction\":[{\"@type\":\"SearchAction\",\"target\":{\"@type\":\"EntryPoint\",\"urlTemplate\":\"https:\/\/www.saishoart.com\/es\/blog\/?s={search_term_string}\"},\"query-input\":\"required name=search_term_string\"}],\"inLanguage\":\"es\"},{\"@type\":\"WebPage\",\"@id\":\"https:\/\/www.saishoart.com\/es\/blog\/pintura-rotulador-cuando-surge-y-como-se-utiliza#webpage\",\"url\":\"https:\/\/www.saishoart.com\/es\/blog\/pintura-rotulador-cuando-surge-y-como-se-utiliza\",\"name\":\"PINTURA ROTULADOR. \u00bfCu\u00e1ndo surge y c\u00f3mo se utiliza? - SAISHO\",\"isPartOf\":{\"@id\":\"https:\/\/www.saishoart.com\/es\/blog\/#website\"},\"datePublished\":\"2021-01-29T09:37:36+00:00\",\"dateModified\":\"2021-01-29T09:37:37+00:00\",\"description\":\"\u00bfQui\u00e9n no ha utilizado el rotulador alguna vez? En este post te contamos como surge la pintura rotulador y las diferentes t\u00e9cnicas.\",\"breadcrumb\":{\"@id\":\"https:\/\/www.saishoart.com\/es\/blog\/pintura-rotulador-cuando-surge-y-como-se-utiliza#breadcrumb\"},\"inLanguage\":\"es\",\"potentialAction\":[{\"@type\":\"ReadAction\",\"target\":[\"https:\/\/www.saishoart.com\/es\/blog\/pintura-rotulador-cuando-surge-y-como-se-utiliza\"]}]},{\"@type\":\"BreadcrumbList\",\"@id\":\"https:\/\/www.saishoart.com\/es\/blog\/pintura-rotulador-cuando-surge-y-como-se-utiliza#breadcrumb\",\"itemListElement\":[{\"@type\":\"ListItem\",\"position\":1,\"name\":\"Portada\",\"item\":\"https:\/\/www.saishoart.com\/es\/blog\"},{\"@type\":\"ListItem\",\"position\":2,\"name\":\"PINTURA ROTULADOR. \u00bfCu\u00e1ndo surge y c\u00f3mo se utiliza?\"}]}]}<\/script>\n<!-- \/ Yoast SEO plugin. -->","yoast_head_json":{"title":"PINTURA ROTULADOR. \u00bfCu\u00e1ndo surge y c\u00f3mo se utiliza? - SAISHO","description":"\u00bfQui\u00e9n no ha utilizado el rotulador alguna vez? En este post te contamos como surge la pintura rotulador y las diferentes t\u00e9cnicas.","robots":{"index":"index","follow":"follow","max-snippet":"max-snippet:-1","max-image-preview":"max-image-preview:large","max-video-preview":"max-video-preview:-1"},"canonical":"https:\/\/www.saishoart.com\/es\/blog\/pintura-rotulador-cuando-surge-y-como-se-utiliza","og_locale":"es_ES","og_type":"article","og_title":"PINTURA ROTULADOR. \u00bfCu\u00e1ndo surge y c\u00f3mo se utiliza? - SAISHO","og_description":"\u00bfQui\u00e9n no ha utilizado el rotulador alguna vez? En este post te contamos como surge la pintura rotulador y las diferentes t\u00e9cnicas.","og_url":"https:\/\/www.saishoart.com\/es\/blog\/pintura-rotulador-cuando-surge-y-como-se-utiliza","og_site_name":"SAISHO","article_modified_time":"2021-01-29T09:37:37+00:00","twitter_card":"summary_large_image","twitter_misc":{"Tiempo de lectura":"3 minutos"},"schema":{"@context":"https:\/\/schema.org","@graph":[{"@type":"WebSite","@id":"https:\/\/www.saishoart.com\/es\/blog\/#website","url":"https:\/\/www.saishoart.com\/es\/blog\/","name":"SAISHO","description":"Plataforma de arte contempor\u00e1neo donde descubrir e invertir en artistas emergentes","potentialAction":[{"@type":"SearchAction","target":{"@type":"EntryPoint","urlTemplate":"https:\/\/www.saishoart.com\/es\/blog\/?s={search_term_string}"},"query-input":"required name=search_term_string"}],"inLanguage":"es"},{"@type":"WebPage","@id":"https:\/\/www.saishoart.com\/es\/blog\/pintura-rotulador-cuando-surge-y-como-se-utiliza#webpage","url":"https:\/\/www.saishoart.com\/es\/blog\/pintura-rotulador-cuando-surge-y-como-se-utiliza","name":"PINTURA ROTULADOR. \u00bfCu\u00e1ndo surge y c\u00f3mo se utiliza? - SAISHO","isPartOf":{"@id":"https:\/\/www.saishoart.com\/es\/blog\/#website"},"datePublished":"2021-01-29T09:37:36+00:00","dateModified":"2021-01-29T09:37:37+00:00","description":"\u00bfQui\u00e9n no ha utilizado el rotulador alguna vez? En este post te contamos como surge la pintura rotulador y las diferentes t\u00e9cnicas.","breadcrumb":{"@id":"https:\/\/www.saishoart.com\/es\/blog\/pintura-rotulador-cuando-surge-y-como-se-utiliza#breadcrumb"},"inLanguage":"es","potentialAction":[{"@type":"ReadAction","target":["https:\/\/www.saishoart.com\/es\/blog\/pintura-rotulador-cuando-surge-y-como-se-utiliza"]}]},{"@type":"BreadcrumbList","@id":"https:\/\/www.saishoart.com\/es\/blog\/pintura-rotulador-cuando-surge-y-como-se-utiliza#breadcrumb","itemListElement":[{"@type":"ListItem","position":1,"name":"Portada","item":"https:\/\/www.saishoart.com\/es\/blog"},{"@type":"ListItem","position":2,"name":"PINTURA ROTULADOR. \u00bfCu\u00e1ndo surge y c\u00f3mo se utiliza?"}]}]}},"_links":{"self":[{"href":"https:\/\/www.saishoart.com\/es\/blog\/wp-json\/wp\/v2\/pages\/25653"}],"collection":[{"href":"https:\/\/www.saishoart.com\/es\/blog\/wp-json\/wp\/v2\/pages"}],"about":[{"href":"https:\/\/www.saishoart.com\/es\/blog\/wp-json\/wp\/v2\/types\/page"}],"author":[{"embeddable":true,"href":"https:\/\/www.saishoart.com\/es\/blog\/wp-json\/wp\/v2\/users\/77"}],"replies":[{"embeddable":true,"href":"https:\/\/www.saishoart.com\/es\/blog\/wp-json\/wp\/v2\/comments?post=25653"}],"version-history":[{"count":2,"href":"https:\/\/www.saishoart.com\/es\/blog\/wp-json\/wp\/v2\/pages\/25653\/revisions"}],"predecessor-version":[{"id":25655,"href":"https:\/\/www.saishoart.com\/es\/blog\/wp-json\/wp\/v2\/pages\/25653\/revisions\/25655"}],"wp:attachment":[{"href":"https:\/\/www.saishoart.com\/es\/blog\/wp-json\/wp\/v2\/media?parent=25653"}],"curies":[{"name":"wp","href":"https:\/\/api.w.org\/{rel}","templated":true}]}}