{"id":15486,"date":"2019-05-10T11:11:11","date_gmt":"2019-05-10T11:11:11","guid":{"rendered":"https:\/\/www.saishoart.com\/?page_id=15486"},"modified":"2022-04-20T13:10:16","modified_gmt":"2022-04-20T11:10:16","slug":"cuadros-originales","status":"publish","type":"page","link":"https:\/\/www.saishoart.com\/es\/blog\/cuadros-originales","title":{"rendered":"Compra CUADROS ORIGINALES que se adapten a tu espacio"},"content":{"rendered":"<h2 style=\"text-align: center;\">COMPRA\u00a0<strong>CUADROS ORIGINALES<\/strong>\u00a0DE ARTISTAS EMERGENTES INTERNACIONALES REVALORIZABLES<\/h2>\n<p>Si buscas\u00a0<strong>cuadros originales\u00a0<\/strong>para renovar la decoraci\u00f3n de cualquier espacio de tu hogar, has llegado al lugar adecuado. En Saisho hemos hecho una selecci\u00f3n de\u00a0<a href=\"https:\/\/www.saishoart.com\/obras\/\" target=\"_blank\" rel=\"noopener noreferrer\"><strong>obras contempor\u00e1neas<\/strong><\/a>\u00a0de artistas nacionales e internacionales que no ver\u00e1s en otro lugar, ya que son \u00fanicas. Cuentan con un certificado de autenticidad y con garant\u00eda, adem\u00e1s puedes probar el cuadro en casa. Ser\u00e1\u00a0el complemento ideal que aportar\u00e1 a tu decoraci\u00f3n la personalidad\u00a0que necesitan tus paredes<strong>\u00a0\u00bfQu\u00e9 est\u00e1s esperando?<\/strong>\u00a0Escoge el cuadro que mejor se adapte a tu estilo.<br \/>\n\n            <section class=\"artworks-grid no-v-gutter no-h-gutter\">\n                <div class=\"grid-sizer\"><\/div>\n                <div class=\"gutter-sizer\"><\/div>\n\n                <figure class=\"grid-item\">\n                    <a href=\"https:\/\/www.saishoart.com\/obras-de-arte\/ver-de-accion-5-antonio-guerra\">\n                        <img class=\"artwork-img\" src=\"https:\/\/saisho-prod-1.fra1.cdn.digitaloceanspaces.com\/art\/uploads\/2018\/10\/Antonio_Guerra_Ver-de-Accion-5.jpg\" alt=\"Antonio  566\" >\n                    <\/a>\n                    <figcaption class=\"artwork-details\">\n                        <div class=\"title\"><a href=\"https:\/\/www.saishoart.com\/antonio-guerra\">Antonio  Guerra<\/a><\/div>\n                        <div class=\"subtitle\">Espa\u00f1a | Fotograf\u00eda | 72 X 100 CM<\/div>\n                        <div class=\"price\"><span class=\"float-left\">34.25 \u00a2\/cm2<\/span>3109 <i class=\"mdi mdi-currency-eur\"><\/i><\/div>\n                    <\/figcaption>\n                <\/figure>\n                <figure class=\"grid-item\">\n                    <a href=\"https:\/\/www.saishoart.com\/obras-de-arte\/ver-de-accion-8-antonio-guerra\">\n                        <img class=\"artwork-img\" src=\"https:\/\/saisho-prod-1.fra1.cdn.digitaloceanspaces.com\/art\/uploads\/2018\/10\/Antonio_Guerra_Ver-de-Accion-8.jpg\" alt=\"Antonio  567\" >\n                    <\/a>\n                    <figcaption class=\"artwork-details\">\n                        <div class=\"title\"><a href=\"https:\/\/www.saishoart.com\/antonio-guerra\">Antonio  Guerra<\/a><\/div>\n                        <div class=\"subtitle\">Espa\u00f1a | Fotograf\u00eda | 50 X 70 CM<\/div>\n                        <div class=\"price\"><span class=\"float-left\">34.25 \u00a2\/cm2<\/span>2363 <i class=\"mdi mdi-currency-eur\"><\/i><\/div>\n                    <\/figcaption>\n                <\/figure>\n                <figure class=\"grid-item\">\n                    <a href=\"https:\/\/www.saishoart.com\/obras-de-arte\/ink-pixel-c5-magda-arques\">\n                        <img class=\"artwork-img\" src=\"https:\/\/saisho-prod-1.fra1.cdn.digitaloceanspaces.com\/art\/uploads\/2018\/06\/c2_3.jpg\" alt=\"Magda 130\" >\n                    <\/a>\n                    <figcaption class=\"artwork-details\">\n                        <div class=\"title\"><a href=\"https:\/\/www.saishoart.com\/magda-arques\">Magda Arques<\/a><\/div>\n                        <div class=\"subtitle\">Espa\u00f1a | Arte Digital | 25 X 25 CM<\/div>\n                        <div class=\"price\"><span class=\"float-left\">10.4 \u00a2\/cm2<\/span>116 <i class=\"mdi mdi-currency-eur\"><\/i><\/div>\n                    <\/figcaption>\n                <\/figure>\n                <figure class=\"grid-item\">\n                    <a href=\"https:\/\/www.saishoart.com\/obras-de-arte\/less-time-than-place-3-antonio-guerra\">\n                        <img class=\"artwork-img\" src=\"https:\/\/saisho-prod-1.fra1.cdn.digitaloceanspaces.com\/art\/uploads\/2018\/10\/Antonio_Guerra_Ver-de-Accion-3.jpg\" alt=\"Antonio  564\" >\n                    <\/a>\n                    <figcaption class=\"artwork-details\">\n                        <div class=\"title\"><a href=\"https:\/\/www.saishoart.com\/antonio-guerra\">Antonio  Guerra<\/a><\/div>\n                        <div class=\"subtitle\">Espa\u00f1a | Fotograf\u00eda | 72 X 100 CM<\/div>\n                        <div class=\"price\"><span class=\"float-left\">34.25 \u00a2\/cm2<\/span>3109 <i class=\"mdi mdi-currency-eur\"><\/i><\/div>\n                    <\/figcaption>\n                <\/figure>\n                <figure class=\"grid-item\">\n                    <a href=\"https:\/\/www.saishoart.com\/obras-de-arte\/departure-27-yuri-tuma\">\n                        <img class=\"artwork-img\" src=\"https:\/\/saisho-prod-1.fra1.cdn.digitaloceanspaces.com\/art\/uploads\/2019\/01\/yuri-tuma-departure-27.jpg\" alt=\"Yuri 862\" >\n                    <\/a>\n                    <figcaption class=\"artwork-details\">\n                        <div class=\"title\"><a href=\"https:\/\/www.saishoart.com\/yuri-tuma\">Yuri Tuma<\/a><\/div>\n                        <div class=\"subtitle\">Espa\u00f1a | Arte Digital | 100 X 100 CM<\/div>\n                        <div class=\"price\"><span class=\"float-left\">14.62 \u00a2\/cm2<\/span>1822 <i class=\"mdi mdi-currency-eur\"><\/i><\/div>\n                    <\/figcaption>\n                <\/figure>\n                <figure class=\"grid-item\">\n                    <a href=\"https:\/\/www.saishoart.com\/obras-de-arte\/ver-de-accion-12-antonio-guerra\">\n                        <img class=\"artwork-img\" src=\"https:\/\/saisho-prod-1.fra1.cdn.digitaloceanspaces.com\/art\/uploads\/2018\/10\/Antonio_Guerra_Ver-de-Accion-12.jpg\" alt=\"Antonio  570\" >\n                    <\/a>\n                    <figcaption class=\"artwork-details\">\n                        <div class=\"title\"><a href=\"https:\/\/www.saishoart.com\/antonio-guerra\">Antonio  Guerra<\/a><\/div>\n                        <div class=\"subtitle\">Espa\u00f1a | Fotograf\u00eda | 70 X 50 CM<\/div>\n                        <div class=\"price\"><span class=\"float-left\">34.25 \u00a2\/cm2<\/span>1969 <i class=\"mdi mdi-currency-eur\"><\/i><\/div>\n                    <\/figcaption>\n                <\/figure>\n                <figure class=\"grid-item\">\n                    <a href=\"https:\/\/www.saishoart.com\/obras-de-arte\/ver-de-accion-9-antonio-guerra\">\n                        <img class=\"artwork-img\" src=\"https:\/\/saisho-prod-1.fra1.cdn.digitaloceanspaces.com\/art\/uploads\/2018\/10\/Antonio_Guerra_Ver-de-Accion-9-1.jpg\" alt=\"Antonio  568\" >\n                    <\/a>\n                    <figcaption class=\"artwork-details\">\n                        <div class=\"title\"><a href=\"https:\/\/www.saishoart.com\/antonio-guerra\">Antonio  Guerra<\/a><\/div>\n                        <div class=\"subtitle\">Espa\u00f1a | Fotograf\u00eda | 150 X 210 CM<\/div>\n                        <div class=\"price\"><span class=\"float-left\">34.25 \u00a2\/cm2<\/span>13182 <i class=\"mdi mdi-currency-eur\"><\/i><\/div>\n                    <\/figcaption>\n                <\/figure>\n                <figure class=\"grid-item\">\n                    <a href=\"https:\/\/www.saishoart.com\/obras-de-arte\/less-time-than-place-10-antonio-guerra\">\n                        <img class=\"artwork-img\" src=\"https:\/\/saisho-prod-1.fra1.cdn.digitaloceanspaces.com\/art\/uploads\/2018\/10\/Antonio_Guerra_Less-time-10.jpg\" alt=\"Antonio  573\" >\n                    <\/a>\n                    <figcaption class=\"artwork-details\">\n                        <div class=\"title\"><a href=\"https:\/\/www.saishoart.com\/antonio-guerra\">Antonio  Guerra<\/a><\/div>\n                        <div class=\"subtitle\">Espa\u00f1a | Fotograf\u00eda | 150 X 110 CM<\/div>\n                        <div class=\"price\"><span class=\"float-left\">34.25 \u00a2\/cm2<\/span>6964 <i class=\"mdi mdi-currency-eur\"><\/i><\/div>\n                    <\/figcaption>\n                <\/figure>\n                <figure class=\"grid-item\">\n                    <a href=\"https:\/\/www.saishoart.com\/obras-de-arte\/less-time-than-place-9-antonio-guerra\">\n                        <img class=\"artwork-img\" src=\"https:\/\/saisho-prod-1.fra1.cdn.digitaloceanspaces.com\/art\/uploads\/2018\/10\/Antonio_Guerra_Less-time-9.jpg\" alt=\"Antonio  572\" >\n                    <\/a>\n                    <figcaption class=\"artwork-details\">\n                        <div class=\"title\"><a href=\"https:\/\/www.saishoart.com\/antonio-guerra\">Antonio  Guerra<\/a><\/div>\n                        <div class=\"subtitle\">Espa\u00f1a | Fotograf\u00eda | 72 X 100 CM<\/div>\n                        <div class=\"price\"><span class=\"float-left\">34.25 \u00a2\/cm2<\/span>3109 <i class=\"mdi mdi-currency-eur\"><\/i><\/div>\n                    <\/figcaption>\n                <\/figure>\n                <figure class=\"grid-item\">\n                    <a href=\"https:\/\/www.saishoart.com\/obras-de-arte\/ink-pixel-c41-magda-arques\">\n                        <img class=\"artwork-img\" src=\"https:\/\/saisho-prod-1.fra1.cdn.digitaloceanspaces.com\/art\/uploads\/2018\/06\/c3_2.jpg\" alt=\"Magda 131\" >\n                    <\/a>\n                    <figcaption class=\"artwork-details\">\n                        <div class=\"title\"><a href=\"https:\/\/www.saishoart.com\/magda-arques\">Magda Arques<\/a><\/div>\n                        <div class=\"subtitle\">Espa\u00f1a | Arte Digital | 25 X 25 CM<\/div>\n                        <div class=\"price\"><span class=\"float-left\">10.4 \u00a2\/cm2<\/span>116 <i class=\"mdi mdi-currency-eur\"><\/i><\/div>\n                    <\/figcaption>\n                <\/figure>\n                <figure class=\"grid-item\">\n                    <a href=\"https:\/\/www.saishoart.com\/obras-de-arte\/trama-bw-1-yuri-tuma\">\n                        <img class=\"artwork-img\" src=\"https:\/\/saisho-prod-1.fra1.cdn.digitaloceanspaces.com\/art\/uploads\/2018\/07\/Screen-Shot-2018-06-29-at-9.51.56-AM.png\" alt=\"Yuri 137\" >\n                    <\/a>\n                    <figcaption class=\"artwork-details\">\n                        <div class=\"title\"><a href=\"https:\/\/www.saishoart.com\/yuri-tuma\">Yuri Tuma<\/a><\/div>\n                        <div class=\"subtitle\">Espa\u00f1a | Fotograf\u00eda | 46 X 69 CM<\/div>\n                        <div class=\"price\"><span class=\"float-left\">14.62 \u00a2\/cm2<\/span>768 <i class=\"mdi mdi-currency-eur\"><\/i><\/div>\n                    <\/figcaption>\n                <\/figure><\/section>\n<h2 style=\"text-align: center;\"><strong>DESCUBRE NUESTRA SELECCI\u00d3N DE CUADROS ORIGINALES<\/strong><\/h2>\n<p>Todo tipo de\u00a0<b>cuadros originales\u00a0<\/b>de todas las tem\u00e1ticas\u00a0y estilos.<b>\u00a0<\/b>En Saisho podr\u00e1s encontrar\u00a0<b><a href=\"https:\/\/www.saishoart.com\/es\/blog\/cuadros-decorativos\" target=\"_blank\" rel=\"noopener noreferrer\">cuadros decorativos<\/a>\u00a0<\/b>modernos e invertibles que se adaptan a tus espacios:\u00a0cuadros y obras modernas para el sal\u00f3n y para el dormitorio, incluso\u00a0<strong>cuadros para tu pasillo y cocina.<\/strong><br \/>\nLa\u00a0proporci\u00f3n\u00a0del espacio es uno de los factores que debes tener en cuenta si quieres tener \u00e9xito en tu decoraci\u00f3n. En Saisho tenemos disponibles\u00a0<strong><a href=\"https:\/\/www.saishoart.com\/es\/blog\/cuadros-decorativos\" target=\"_blank\" rel=\"noopener noreferrer\">cuadros originales<\/a>\u00a0<\/strong>de todos los tama\u00f1os\u00a0para que elijas el que mejor se adapta a tu paredes, en variadas tonalidades que resaltar\u00e1n la belleza de tu decoraci\u00f3n. Podr\u00e1s encontrar en nuestra selecci\u00f3n de\u00a0<a href=\"https:\/\/www.saishoart.com\/es\/blog\/cuadros-modernos\" target=\"_blank\" rel=\"noopener noreferrer\">cuadros modernos<\/a>, diferentes\u00a0<strong>t\u00e9cnicas, materiales y texturas,\u00a0<\/strong>los cuales son factores muy importantes para conseguir una armon\u00eda perfecta\u00a0en tu decoraci\u00f3n.<br \/>\nDescubre a trav\u00e9s de nuestro filtro nuestro cat\u00e1logo de\u00a0<strong>cuadros originales<\/strong>\u00a0en Pintura street art , arte digital, abstracci\u00f3n geom\u00e9trica, fotograf\u00eda de paisajes e impresi\u00f3n. Cada pieza tiene un discurso interesante que puedes consultar en la ficha de la obra (estilos, materiales, t\u00e9cnicas, medidas, disciplinas, entre otras). Adem\u00e1s de las tem\u00e1ticas, encontrar\u00e1s informaci\u00f3n sobre la biograf\u00eda del artista. Podr\u00e1s comprobar su originalidad con un certificado de autenticidad.<\/p>\n<p style=\"text-align: center;\"><a href=\"https:\/\/www.saishoart.com\/contacto\" target=\"_blank\" rel=\"noopener noreferrer\">RESERVA TU CITA<\/a> Y VIVE LA EXPERIENCIA SAISHO<\/p>\n<p>Si eres interiorista y quieres incorporar arte a tus proyectos, tenemos un\u00a0<strong>equipo de profesionales<\/strong>\u00a0que te asesorar\u00e1n en todo el proceso. Y si buscas arte para decorar tu hogar, invertir o coleccionar, igual te asesoramos. Si encuentras una\u00a0<strong>obras de arte original\u00a0<\/strong>que te enamore, puedes solicitar verla en nuestro Saisho Garage o te la enviamos a casa.<\/p>\n","protected":false},"excerpt":{"rendered":"<p>COMPRA\u00a0CUADROS ORIGINALES\u00a0DE ARTISTAS EMERGENTES INTERNACIONALES REVALORIZABLES Si buscas\u00a0cuadros originales\u00a0para renovar la decoraci\u00f3n de cualquier espacio de tu hogar, has llegado al lugar adecuado. En Saisho hemos hecho una selecci\u00f3n de\u00a0obras contempor\u00e1neas\u00a0de artistas nacionales e internacionales que no ver\u00e1s en otro lugar, ya que son \u00fanicas. Cuentan con un certificado de autenticidad y con garant\u00eda, adem\u00e1s [&hellip;]<\/p>\n","protected":false},"author":66,"featured_media":0,"parent":0,"menu_order":0,"comment_status":"closed","ping_status":"closed","template":"","meta":[],"yoast_head":"<!-- This site is optimized with the Yoast SEO plugin v18.2 - https:\/\/yoast.com\/wordpress\/plugins\/seo\/ -->\n<title>Compra CUADROS ORIGINALES que se adapten a tu espacio - SAISHO<\/title>\n<meta name=\"description\" content=\"Descubre en Saisho nuestra seleccion de cuadros originales desde 40 \u20ac. Pinturas, dibujos, arte digital y fotograf\u00edas de artistas de contempor\u00e1neos.\" \/>\n<meta name=\"robots\" content=\"index, follow, max-snippet:-1, max-image-preview:large, max-video-preview:-1\" \/>\n<link rel=\"canonical\" href=\"https:\/\/www.saishoart.com\/es\/blog\/cuadros-originales\" \/>\n<meta property=\"og:locale\" content=\"es_ES\" \/>\n<meta property=\"og:type\" content=\"article\" \/>\n<meta property=\"og:title\" content=\"Compra CUADROS ORIGINALES que se adapten a tu espacio - SAISHO\" \/>\n<meta property=\"og:description\" content=\"Descubre en Saisho nuestra seleccion de cuadros originales desde 40 \u20ac. Pinturas, dibujos, arte digital y fotograf\u00edas de artistas de contempor\u00e1neos.\" \/>\n<meta property=\"og:url\" content=\"https:\/\/www.saishoart.com\/es\/blog\/cuadros-originales\" \/>\n<meta property=\"og:site_name\" content=\"SAISHO\" \/>\n<meta property=\"article:modified_time\" content=\"2022-04-20T11:10:16+00:00\" \/>\n<meta name=\"twitter:card\" content=\"summary_large_image\" \/>\n<meta name=\"twitter:label1\" content=\"Tiempo de lectura\" \/>\n\t<meta name=\"twitter:data1\" content=\"2 minutos\" \/>\n<script type=\"application\/ld+json\" class=\"yoast-schema-graph\">{\"@context\":\"https:\/\/schema.org\",\"@graph\":[{\"@type\":\"WebSite\",\"@id\":\"https:\/\/www.saishoart.com\/es\/blog\/#website\",\"url\":\"https:\/\/www.saishoart.com\/es\/blog\/\",\"name\":\"SAISHO\",\"description\":\"Plataforma de arte contempor\u00e1neo donde descubrir e invertir en artistas emergentes\",\"potentialAction\":[{\"@type\":\"SearchAction\",\"target\":{\"@type\":\"EntryPoint\",\"urlTemplate\":\"https:\/\/www.saishoart.com\/es\/blog\/?s={search_term_string}\"},\"query-input\":\"required name=search_term_string\"}],\"inLanguage\":\"es\"},{\"@type\":\"WebPage\",\"@id\":\"https:\/\/www.saishoart.com\/es\/blog\/cuadros-originales#webpage\",\"url\":\"https:\/\/www.saishoart.com\/es\/blog\/cuadros-originales\",\"name\":\"Compra CUADROS ORIGINALES que se adapten a tu espacio - SAISHO\",\"isPartOf\":{\"@id\":\"https:\/\/www.saishoart.com\/es\/blog\/#website\"},\"datePublished\":\"2019-05-10T11:11:11+00:00\",\"dateModified\":\"2022-04-20T11:10:16+00:00\",\"description\":\"Descubre en Saisho nuestra seleccion de cuadros originales desde 40 \u20ac. Pinturas, dibujos, arte digital y fotograf\u00edas de artistas de contempor\u00e1neos.\",\"breadcrumb\":{\"@id\":\"https:\/\/www.saishoart.com\/es\/blog\/cuadros-originales#breadcrumb\"},\"inLanguage\":\"es\",\"potentialAction\":[{\"@type\":\"ReadAction\",\"target\":[\"https:\/\/www.saishoart.com\/es\/blog\/cuadros-originales\"]}]},{\"@type\":\"BreadcrumbList\",\"@id\":\"https:\/\/www.saishoart.com\/es\/blog\/cuadros-originales#breadcrumb\",\"itemListElement\":[{\"@type\":\"ListItem\",\"position\":1,\"name\":\"Portada\",\"item\":\"https:\/\/www.saishoart.com\/es\/blog\"},{\"@type\":\"ListItem\",\"position\":2,\"name\":\"Compra CUADROS ORIGINALES que se adapten a tu espacio\"}]}]}<\/script>\n<!-- \/ Yoast SEO plugin. -->","yoast_head_json":{"title":"Compra CUADROS ORIGINALES que se adapten a tu espacio - SAISHO","description":"Descubre en Saisho nuestra seleccion de cuadros originales desde 40 \u20ac. Pinturas, dibujos, arte digital y fotograf\u00edas de artistas de contempor\u00e1neos.","robots":{"index":"index","follow":"follow","max-snippet":"max-snippet:-1","max-image-preview":"max-image-preview:large","max-video-preview":"max-video-preview:-1"},"canonical":"https:\/\/www.saishoart.com\/es\/blog\/cuadros-originales","og_locale":"es_ES","og_type":"article","og_title":"Compra CUADROS ORIGINALES que se adapten a tu espacio - SAISHO","og_description":"Descubre en Saisho nuestra seleccion de cuadros originales desde 40 \u20ac. Pinturas, dibujos, arte digital y fotograf\u00edas de artistas de contempor\u00e1neos.","og_url":"https:\/\/www.saishoart.com\/es\/blog\/cuadros-originales","og_site_name":"SAISHO","article_modified_time":"2022-04-20T11:10:16+00:00","twitter_card":"summary_large_image","twitter_misc":{"Tiempo de lectura":"2 minutos"},"schema":{"@context":"https:\/\/schema.org","@graph":[{"@type":"WebSite","@id":"https:\/\/www.saishoart.com\/es\/blog\/#website","url":"https:\/\/www.saishoart.com\/es\/blog\/","name":"SAISHO","description":"Plataforma de arte contempor\u00e1neo donde descubrir e invertir en artistas emergentes","potentialAction":[{"@type":"SearchAction","target":{"@type":"EntryPoint","urlTemplate":"https:\/\/www.saishoart.com\/es\/blog\/?s={search_term_string}"},"query-input":"required name=search_term_string"}],"inLanguage":"es"},{"@type":"WebPage","@id":"https:\/\/www.saishoart.com\/es\/blog\/cuadros-originales#webpage","url":"https:\/\/www.saishoart.com\/es\/blog\/cuadros-originales","name":"Compra CUADROS ORIGINALES que se adapten a tu espacio - SAISHO","isPartOf":{"@id":"https:\/\/www.saishoart.com\/es\/blog\/#website"},"datePublished":"2019-05-10T11:11:11+00:00","dateModified":"2022-04-20T11:10:16+00:00","description":"Descubre en Saisho nuestra seleccion de cuadros originales desde 40 \u20ac. Pinturas, dibujos, arte digital y fotograf\u00edas de artistas de contempor\u00e1neos.","breadcrumb":{"@id":"https:\/\/www.saishoart.com\/es\/blog\/cuadros-originales#breadcrumb"},"inLanguage":"es","potentialAction":[{"@type":"ReadAction","target":["https:\/\/www.saishoart.com\/es\/blog\/cuadros-originales"]}]},{"@type":"BreadcrumbList","@id":"https:\/\/www.saishoart.com\/es\/blog\/cuadros-originales#breadcrumb","itemListElement":[{"@type":"ListItem","position":1,"name":"Portada","item":"https:\/\/www.saishoart.com\/es\/blog"},{"@type":"ListItem","position":2,"name":"Compra CUADROS ORIGINALES que se adapten a tu espacio"}]}]}},"_links":{"self":[{"href":"https:\/\/www.saishoart.com\/es\/blog\/wp-json\/wp\/v2\/pages\/15486"}],"collection":[{"href":"https:\/\/www.saishoart.com\/es\/blog\/wp-json\/wp\/v2\/pages"}],"about":[{"href":"https:\/\/www.saishoart.com\/es\/blog\/wp-json\/wp\/v2\/types\/page"}],"author":[{"embeddable":true,"href":"https:\/\/www.saishoart.com\/es\/blog\/wp-json\/wp\/v2\/users\/66"}],"replies":[{"embeddable":true,"href":"https:\/\/www.saishoart.com\/es\/blog\/wp-json\/wp\/v2\/comments?post=15486"}],"version-history":[{"count":1,"href":"https:\/\/www.saishoart.com\/es\/blog\/wp-json\/wp\/v2\/pages\/15486\/revisions"}],"predecessor-version":[{"id":26836,"href":"https:\/\/www.saishoart.com\/es\/blog\/wp-json\/wp\/v2\/pages\/15486\/revisions\/26836"}],"wp:attachment":[{"href":"https:\/\/www.saishoart.com\/es\/blog\/wp-json\/wp\/v2\/media?parent=15486"}],"curies":[{"name":"wp","href":"https:\/\/api.w.org\/{rel}","templated":true}]}}